{"id":1246,"date":"2023-04-07T17:42:15","date_gmt":"2023-04-07T15:42:15","guid":{"rendered":"https:\/\/clossaintsulpice.com\/politique-de-confidentialite\/"},"modified":"2023-04-07T17:42:15","modified_gmt":"2023-04-07T15:42:15","slug":"politique-de-confidentialite","status":"publish","type":"page","link":"https:\/\/clossaintsulpice.com\/en\/politique-de-confidentialite\/","title":{"rendered":"Politique de confidentialit\u00e9"},"content":{"rendered":"\t\t<div data-elementor-type=\"wp-page\" data-elementor-id=\"1246\" class=\"elementor elementor-1246 elementor-795\" data-elementor-post-type=\"page\">\n\t\t\t\t<div class=\"elementor-element elementor-element-fb9c888 e-con-full e-flex e-con e-parent\" data-id=\"fb9c888\" data-element_type=\"container\" data-settings=\"{&quot;background_background&quot;:&quot;classic&quot;}\">\n\t\t<div class=\"elementor-element elementor-element-48fbb4f e-con-full e-flex e-con e-parent\" data-id=\"48fbb4f\" data-element_type=\"container\">\n\t\t\t\t<div class=\"elementor-element elementor-element-7b96719 elementor-widget elementor-widget-heading\" data-id=\"7b96719\" data-element_type=\"widget\" data-widget_type=\"heading.default\">\n\t\t\t\t<div class=\"elementor-widget-container\">\n\t\t\t\t\t<h3 class=\"elementor-heading-title elementor-size-default\">Politique de confidentialit\u00e9<\/h3>\t\t\t\t<\/div>\n\t\t\t\t<\/div>\n\t\t\t\t<\/div>\n\t\t\t\t<\/div>\n\t\t<div class=\"elementor-element elementor-element-6f76ca3 e-flex e-con-boxed e-con e-parent\" data-id=\"6f76ca3\" data-element_type=\"container\">\n\t\t\t\t\t<div class=\"e-con-inner\">\n\t\t\t\t<div class=\"elementor-element elementor-element-7e14bca elementor-widget elementor-widget-text-editor\" data-id=\"7e14bca\" data-element_type=\"widget\" data-widget_type=\"text-editor.default\">\n\t\t\t\t<div class=\"elementor-widget-container\">\n\t\t\t\t\t\t\t\t\t<p><strong>Politique de confidentialit\u00e9<\/strong><\/p><p>Le R\u00e8glement sur la Protection des Donn\u00e9es entre en application le 25 mai 2018.<\/p><p>A cette occasion et afin de vous informer de la mani\u00e8re dont nous sommes amen\u00e9s \u00e0 traiter des donn\u00e9es personnelles vous concernant, nous avons mis \u00e0 jour notre politique de confidentialit\u00e9.<\/p><ol><li><strong> Introduction<\/strong><\/li><\/ol><p>La pr\u00e9sente politique de confidentialit\u00e9 a pour objet de vous informer sur la mani\u00e8re dont Clos Saint Sulpice est amen\u00e9 \u00e0 traiter des donn\u00e9es \u00e0 caract\u00e8re personnel lorsque vous nous adressez une demande par le biais du formulaire de contact, int\u00e9gr\u00e9 \u00e0 notre site.<\/p><ol start=\"2\"><li>Pourquoi traitons-nous vos donn\u00e9es \u00e0 caract\u00e8re personnel\u00a0<\/li><\/ol><p>2.1. Afin de r\u00e9pondre \u00e0 vos questions<\/p><p>Lorsque vous nous contactez pour nous demander des renseignements, que ce soit par t\u00e9l\u00e9phone, par courriel, ou tout autre outil informatique, en remplissant le formulaire mis \u00e0 votre disposition sur notre site ou par l\u2019interm\u00e9diaire des r\u00e9seaux sociaux, nous traitons les donn\u00e9es \u00e0 caract\u00e8re personnel que vous consentez \u00e0 nous communiquer dans ce cadre afin de r\u00e9pondre au mieux \u00e0 votre demande.<\/p><p>Dans ce cadre \u00e9galement, nous serons amen\u00e9s \u00e0 traiter vos nom et pr\u00e9nom, vos coordonn\u00e9es, la correspondance avec nous quelle que soit sa forme (papier, \u00e9lectronique, t\u00e9l\u00e9phone), vos questions ainsi que toutes les autres donn\u00e9es qui pourraient \u00eatre n\u00e9cessaires pour vous r\u00e9pondre.<\/p><p>2.2. Afin de nous contacter par l\u2019interm\u00e9diaire des m\u00e9dias et r\u00e9seaux sociaux<\/p><p>Clos Saint Sulpice poss\u00e8de des pages sur les plateformes de r\u00e9seaux et m\u00e9dias sociaux tels que Instagram. Lorsque vous nous contactez par le biais de ces m\u00e9dias sociaux, nous traitons vos donn\u00e9es \u00e0 caract\u00e8re personnel afin de r\u00e9pondre \u00e0 vos questions et \u00e0 vos messages.<\/p><p>Les donn\u00e9es trait\u00e9es vous concernant dans ce cadre sont : le canal de communication que vous avez choisi d\u2019utiliser afin de prendre contact avec nous ainsi que les donn\u00e9es \u00e0 caract\u00e8re personnel que vous nous communiquez. Il peut s\u2019agir notamment de votre nom, de vos adresses postale et \u00e9lectronique ainsi que des donn\u00e9es \u00e0 caract\u00e8re personnel que vous int\u00e9grez \u00e0 votre message.<\/p><ol start=\"3\"><li><strong> Combien de temps les conservons-nous ?<\/strong><\/li><\/ol><p>Nous conservons vos donn\u00e9es pendant toute la dur\u00e9e n\u00e9cessaire \u00e0 l\u2019atteinte des objectifs d\u00e9crits \u00e0 l\u2019article 2 de la pr\u00e9sente politique dans la limite de 10 ans maximum (sauf accord contraire).<\/p><p>Les dur\u00e9es de conservation pr\u00e9vues s\u2019appliquent sans pr\u00e9judice des dur\u00e9es n\u00e9cessaires de conservation et\/ou de prescription r\u00e9sultant des dispositions l\u00e9gislatives ou r\u00e9glementaires.<\/p><ol start=\"4\"><li>Qui a acc\u00e8s \u00e0 ces donn\u00e9es ?<\/li><\/ol><p>Les donn\u00e9es que nous collectons dans le cadre des objectifs d\u00e9crits \u00e0 l\u2019article 2 de la pr\u00e9sente politique sont destin\u00e9es aux services interne du Clos Saint Sulpice.<\/p><p>Le Clos Saint Sulpice prend les mesures n\u00e9cessaires, d\u2019ordre contractuel, technique et organisationnel, afin que vos donn\u00e9es soient trait\u00e9es dans la mesure strictement n\u00e9cessaire \u00e0 l\u2019ex\u00e9cution de la prestation et dans le respect de la loi applicable.<\/p><p>Nous vous informons \u00e9galement que nous pourrons \u00eatre amen\u00e9s \u00e0 transmettre vos donn\u00e9es aux autorit\u00e9s administratives ou judiciaires comp\u00e9tentes, \u00e0 leur demande, si la r\u00e9glementation en vigueur l\u2019exige.<\/p><ol start=\"5\"><li><strong> Comment ces donn\u00e9es sont-elles s\u00e9curis\u00e9es ?<\/strong><\/li><\/ol><p>Nous prenons les pr\u00e9cautions appropri\u00e9es afin d\u2019assurer la confidentialit\u00e9 et la s\u00e9curit\u00e9 de vos donn\u00e9es \u00e0 caract\u00e8re personnel, \u00e0 savoir des mesures techniques, physiques et organisationnelles destin\u00e9es \u00e0 les prot\u00e9ger contre les destructions accidentelles ou illicites, les pertes accidentelles, les dommages, les modifications, les divulgations ou acc\u00e8s non autoris\u00e9s ainsi que contre les autres formes de traitement illicite (y compris, notamment, les collectes inutiles).<\/p><ol start=\"6\"><li><strong> Comment exercer vos droits ?<\/strong><\/li><\/ol><p>Conform\u00e9ment aux dispositions de la Loi n\u00b0 7817 du 6 janvier 1978, relative \u00e0 l&#8217;informatique, aux fichiers et aux libert\u00e9s et du R\u00e8glement UE 2016\/679 sur la protection des donn\u00e9es du 27 avril 2016 vous disposez des droits suivants :<\/p><p>&#8211; d&#8217;un droit d&#8217;acc\u00e8s et de rectification vous permettant de faire modifier, compl\u00e9ter ou mettre \u00e0 jour vos donn\u00e9es personnelles ;<\/p><p>&#8211; d\u2019un droit de suppression des donn\u00e9es inexactes, incompl\u00e8tes, \u00e9quivoques, p\u00e9rim\u00e9es ;<\/p><p>&#8211; d&#8217;un droit d&#8217;opposition au traitement de vos donn\u00e9es pour des motifs l\u00e9gitimes ;<\/p><p>&#8211; d&#8217;un droit d&#8217;opposition sans motif, \u00e0 l&#8217;utilisation de vos donn\u00e9es \u00e0 des fins de prospection ;<\/p><p>&#8211; d\u2019un droit de d\u00e9finir des directives relatives au sort des donn\u00e9es personnelles apr\u00e8s la mort ;<\/p><p>&#8211; d\u2019un droit \u00e0 la portabilit\u00e9 des donn\u00e9es, dans un format structur\u00e9, couramment utilis\u00e9 et lisible par machine ;<\/p><p>&#8211; d\u2019un droit \u00e0 la limitation du traitement, dans les termes et conditions vis\u00e9s dans l\u2019article 18 du R\u00e8glement europ\u00e9en n\u00b02016\/679 du 27 avril 2016 ;<\/p><p>&#8211; du droit d\u2019introduire une r\u00e9clamation aupr\u00e8s de l\u2019autorit\u00e9 de contr\u00f4le comp\u00e9tente (la Commission Nationale de l\u2019Informatique et des Libert\u00e9s).<\/p><p>A l\u2019exclusion du droit de r\u00e9clamation aupr\u00e8s de la CNIL, l\u2019ensemble des droits pr\u00e9cit\u00e9s peuvent \u00eatre exerc\u00e9s \u00e0 tout moment, en joignant un justificatif d\u2019identit\u00e9, aupr\u00e8s du Clos Saint Sulpice, 6 rue de Saint Sulpice &#8211; T\u00e9l. (0)7 69 32 00 48 &#8211; email : <a href=\"mailto:contact@clossaintsulpice.com\">contact@clossaintsulpice.com<\/a><\/p><ol start=\"7\"><li><strong> Pouvez-vous retirer votre consentement ?<\/strong><\/li><\/ol><p>Vous avez la possibilit\u00e9 de retirer votre consentement au traitement de vos donn\u00e9es \u00e0 caract\u00e8re personnel par le Clos Saint Sulpice \u00e0 tout moment. Le retrait de votre consentement n\u2019aura pas d\u2019effet r\u00e9troactif et ne sera possible que lorsque vous aurez au pr\u00e9alable donn\u00e9 votre consentement et si le traitement de vos donn\u00e9es n\u2019est pas n\u00e9cessaire \u00e0 l\u2019ex\u00e9cution d\u2019un contrat en cours.<\/p><ol start=\"8\"><li><strong> Comment d\u00e9poser une r\u00e9clamation ?<\/strong><\/li><\/ol><p>Si vous souhaitez d\u00e9poser une r\u00e9clamation relative \u00e0 l\u2019utilisation de vos donn\u00e9es \u00e0 caract\u00e8re personnel par Le Clos Saint Sulpice, nous vous invitons \u00e0 nous contacter \u00e0 l\u2019adresse suivante : Clos Saint Sulpice, 6 rue de Saint Sulpice &#8211; T\u00e9l. (0)7 69 32 00 48 &#8211; email : <a href=\"mailto:contact@clossaintsulpice.com\">contact@clossaintsulpice.com<\/a>. Vous avez \u00e9galement la possibilit\u00e9 d\u2019introduire une r\u00e9clamation aupr\u00e8s de l\u2019autorit\u00e9 de contr\u00f4le comp\u00e9tente (la Commission Nationale de l\u2019Informatique et des Libert\u00e9s).<\/p>\t\t\t\t\t\t\t\t<\/div>\n\t\t\t\t<\/div>\n\t\t\t\t\t<\/div>\n\t\t\t\t<\/div>\n\t\t\t\t<\/div>\n\t\t","protected":false},"excerpt":{"rendered":"<p>Politique de confidentialit\u00e9 Politique de confidentialit\u00e9 Le R\u00e8glement sur la Protection des Donn\u00e9es entre en application le 25 mai 2018. A cette occasion et afin de vous informer de la mani\u00e8re dont nous sommes amen\u00e9s \u00e0 traiter des donn\u00e9es personnelles vous concernant, nous avons mis \u00e0 jour notre politique de confidentialit\u00e9. Introduction La pr\u00e9sente politique [&hellip;]<\/p>\n","protected":false},"author":1,"featured_media":0,"parent":0,"menu_order":0,"comment_status":"closed","ping_status":"closed","template":"elementor_header_footer","meta":{"footnotes":""},"class_list":["post-1246","page","type-page","status-publish","hentry"],"yoast_head":"<!-- This site is optimized with the Yoast SEO plugin v26.3 - https:\/\/yoast.com\/wordpress\/plugins\/seo\/ -->\n<title>Politique de confidentialit\u00e9 - CLOS SAINT SULPICE<\/title>\n<meta name=\"robots\" content=\"index, follow, max-snippet:-1, max-image-preview:large, max-video-preview:-1\" \/>\n<link rel=\"canonical\" href=\"https:\/\/clossaintsulpice.com\/en\/politique-de-confidentialite\/\" \/>\n<meta property=\"og:locale\" content=\"en_US\" \/>\n<meta property=\"og:type\" content=\"article\" \/>\n<meta property=\"og:title\" content=\"Politique de confidentialit\u00e9 - CLOS SAINT SULPICE\" \/>\n<meta property=\"og:description\" content=\"Politique de confidentialit\u00e9 Politique de confidentialit\u00e9 Le R\u00e8glement sur la Protection des Donn\u00e9es entre en application le 25 mai 2018. A cette occasion et afin de vous informer de la mani\u00e8re dont nous sommes amen\u00e9s \u00e0 traiter des donn\u00e9es personnelles vous concernant, nous avons mis \u00e0 jour notre politique de confidentialit\u00e9. Introduction La pr\u00e9sente politique [&hellip;]\" \/>\n<meta property=\"og:url\" content=\"https:\/\/clossaintsulpice.com\/en\/politique-de-confidentialite\/\" \/>\n<meta property=\"og:site_name\" content=\"CLOS SAINT SULPICE\" \/>\n<meta name=\"twitter:card\" content=\"summary_large_image\" \/>\n<meta name=\"twitter:label1\" content=\"Est. reading time\" \/>\n\t<meta name=\"twitter:data1\" content=\"5 minutes\" \/>\n<script type=\"application\/ld+json\" class=\"yoast-schema-graph\">{\"@context\":\"https:\/\/schema.org\",\"@graph\":[{\"@type\":\"WebPage\",\"@id\":\"https:\/\/clossaintsulpice.com\/en\/politique-de-confidentialite\/\",\"url\":\"https:\/\/clossaintsulpice.com\/en\/politique-de-confidentialite\/\",\"name\":\"Politique de confidentialit\u00e9 - CLOS SAINT SULPICE\",\"isPartOf\":{\"@id\":\"https:\/\/clossaintsulpice.com\/#website\"},\"datePublished\":\"2023-04-07T15:42:15+00:00\",\"breadcrumb\":{\"@id\":\"https:\/\/clossaintsulpice.com\/en\/politique-de-confidentialite\/#breadcrumb\"},\"inLanguage\":\"en-US\",\"potentialAction\":[{\"@type\":\"ReadAction\",\"target\":[\"https:\/\/clossaintsulpice.com\/en\/politique-de-confidentialite\/\"]}]},{\"@type\":\"BreadcrumbList\",\"@id\":\"https:\/\/clossaintsulpice.com\/en\/politique-de-confidentialite\/#breadcrumb\",\"itemListElement\":[{\"@type\":\"ListItem\",\"position\":1,\"name\":\"Accueil\",\"item\":\"https:\/\/clossaintsulpice.com\/\"},{\"@type\":\"ListItem\",\"position\":2,\"name\":\"Politique de confidentialit\u00e9\"}]},{\"@type\":\"WebSite\",\"@id\":\"https:\/\/clossaintsulpice.com\/#website\",\"url\":\"https:\/\/clossaintsulpice.com\/\",\"name\":\"CLOS SAINT SULPICE\",\"description\":\"Chambres d&#039;h\u00f4tes\",\"publisher\":{\"@id\":\"https:\/\/clossaintsulpice.com\/#organization\"},\"potentialAction\":[{\"@type\":\"SearchAction\",\"target\":{\"@type\":\"EntryPoint\",\"urlTemplate\":\"https:\/\/clossaintsulpice.com\/?s={search_term_string}\"},\"query-input\":{\"@type\":\"PropertyValueSpecification\",\"valueRequired\":true,\"valueName\":\"search_term_string\"}}],\"inLanguage\":\"en-US\"},{\"@type\":\"Organization\",\"@id\":\"https:\/\/clossaintsulpice.com\/#organization\",\"name\":\"CLOS SAINT SULPICE\",\"url\":\"https:\/\/clossaintsulpice.com\/\",\"logo\":{\"@type\":\"ImageObject\",\"inLanguage\":\"en-US\",\"@id\":\"https:\/\/clossaintsulpice.com\/#\/schema\/logo\/image\/\",\"url\":\"https:\/\/clossaintsulpice.com\/wp-content\/uploads\/2023\/03\/logo-2.png\",\"contentUrl\":\"https:\/\/clossaintsulpice.com\/wp-content\/uploads\/2023\/03\/logo-2.png\",\"width\":600,\"height\":512,\"caption\":\"CLOS SAINT SULPICE\"},\"image\":{\"@id\":\"https:\/\/clossaintsulpice.com\/#\/schema\/logo\/image\/\"}}]}<\/script>\n<!-- \/ Yoast SEO plugin. -->","yoast_head_json":{"title":"Politique de confidentialit\u00e9 - CLOS SAINT SULPICE","robots":{"index":"index","follow":"follow","max-snippet":"max-snippet:-1","max-image-preview":"max-image-preview:large","max-video-preview":"max-video-preview:-1"},"canonical":"https:\/\/clossaintsulpice.com\/en\/politique-de-confidentialite\/","og_locale":"en_US","og_type":"article","og_title":"Politique de confidentialit\u00e9 - CLOS SAINT SULPICE","og_description":"Politique de confidentialit\u00e9 Politique de confidentialit\u00e9 Le R\u00e8glement sur la Protection des Donn\u00e9es entre en application le 25 mai 2018. A cette occasion et afin de vous informer de la mani\u00e8re dont nous sommes amen\u00e9s \u00e0 traiter des donn\u00e9es personnelles vous concernant, nous avons mis \u00e0 jour notre politique de confidentialit\u00e9. Introduction La pr\u00e9sente politique [&hellip;]","og_url":"https:\/\/clossaintsulpice.com\/en\/politique-de-confidentialite\/","og_site_name":"CLOS SAINT SULPICE","twitter_card":"summary_large_image","twitter_misc":{"Est. reading time":"5 minutes"},"schema":{"@context":"https:\/\/schema.org","@graph":[{"@type":"WebPage","@id":"https:\/\/clossaintsulpice.com\/en\/politique-de-confidentialite\/","url":"https:\/\/clossaintsulpice.com\/en\/politique-de-confidentialite\/","name":"Politique de confidentialit\u00e9 - CLOS SAINT SULPICE","isPartOf":{"@id":"https:\/\/clossaintsulpice.com\/#website"},"datePublished":"2023-04-07T15:42:15+00:00","breadcrumb":{"@id":"https:\/\/clossaintsulpice.com\/en\/politique-de-confidentialite\/#breadcrumb"},"inLanguage":"en-US","potentialAction":[{"@type":"ReadAction","target":["https:\/\/clossaintsulpice.com\/en\/politique-de-confidentialite\/"]}]},{"@type":"BreadcrumbList","@id":"https:\/\/clossaintsulpice.com\/en\/politique-de-confidentialite\/#breadcrumb","itemListElement":[{"@type":"ListItem","position":1,"name":"Accueil","item":"https:\/\/clossaintsulpice.com\/"},{"@type":"ListItem","position":2,"name":"Politique de confidentialit\u00e9"}]},{"@type":"WebSite","@id":"https:\/\/clossaintsulpice.com\/#website","url":"https:\/\/clossaintsulpice.com\/","name":"CLOS SAINT SULPICE","description":"Chambres d&#039;h\u00f4tes","publisher":{"@id":"https:\/\/clossaintsulpice.com\/#organization"},"potentialAction":[{"@type":"SearchAction","target":{"@type":"EntryPoint","urlTemplate":"https:\/\/clossaintsulpice.com\/?s={search_term_string}"},"query-input":{"@type":"PropertyValueSpecification","valueRequired":true,"valueName":"search_term_string"}}],"inLanguage":"en-US"},{"@type":"Organization","@id":"https:\/\/clossaintsulpice.com\/#organization","name":"CLOS SAINT SULPICE","url":"https:\/\/clossaintsulpice.com\/","logo":{"@type":"ImageObject","inLanguage":"en-US","@id":"https:\/\/clossaintsulpice.com\/#\/schema\/logo\/image\/","url":"https:\/\/clossaintsulpice.com\/wp-content\/uploads\/2023\/03\/logo-2.png","contentUrl":"https:\/\/clossaintsulpice.com\/wp-content\/uploads\/2023\/03\/logo-2.png","width":600,"height":512,"caption":"CLOS SAINT SULPICE"},"image":{"@id":"https:\/\/clossaintsulpice.com\/#\/schema\/logo\/image\/"}}]}},"_links":{"self":[{"href":"https:\/\/clossaintsulpice.com\/en\/wp-json\/wp\/v2\/pages\/1246","targetHints":{"allow":["GET"]}}],"collection":[{"href":"https:\/\/clossaintsulpice.com\/en\/wp-json\/wp\/v2\/pages"}],"about":[{"href":"https:\/\/clossaintsulpice.com\/en\/wp-json\/wp\/v2\/types\/page"}],"author":[{"embeddable":true,"href":"https:\/\/clossaintsulpice.com\/en\/wp-json\/wp\/v2\/users\/1"}],"replies":[{"embeddable":true,"href":"https:\/\/clossaintsulpice.com\/en\/wp-json\/wp\/v2\/comments?post=1246"}],"version-history":[{"count":0,"href":"https:\/\/clossaintsulpice.com\/en\/wp-json\/wp\/v2\/pages\/1246\/revisions"}],"wp:attachment":[{"href":"https:\/\/clossaintsulpice.com\/en\/wp-json\/wp\/v2\/media?parent=1246"}],"curies":[{"name":"wp","href":"https:\/\/api.w.org\/{rel}","templated":true}]}}