{"id":1252,"date":"2023-03-30T21:44:45","date_gmt":"2023-03-30T19:44:45","guid":{"rendered":"https:\/\/clossaintsulpice.com\/mentions-legales\/"},"modified":"2023-03-30T21:44:45","modified_gmt":"2023-03-30T19:44:45","slug":"mentions-legales","status":"publish","type":"page","link":"https:\/\/clossaintsulpice.com\/en\/mentions-legales\/","title":{"rendered":"Mentions l\u00e9gales"},"content":{"rendered":"\t\t<div data-elementor-type=\"wp-page\" data-elementor-id=\"1252\" class=\"elementor elementor-1252 elementor-549\" data-elementor-post-type=\"page\">\n\t\t\t\t<div class=\"elementor-element elementor-element-fb9c888 e-con-full e-flex e-con e-parent\" data-id=\"fb9c888\" data-element_type=\"container\" data-settings=\"{&quot;background_background&quot;:&quot;classic&quot;}\">\n\t\t<div class=\"elementor-element elementor-element-48fbb4f e-con-full e-flex e-con e-parent\" data-id=\"48fbb4f\" data-element_type=\"container\">\n\t\t\t\t<div class=\"elementor-element elementor-element-7b96719 elementor-widget elementor-widget-heading\" data-id=\"7b96719\" data-element_type=\"widget\" data-widget_type=\"heading.default\">\n\t\t\t\t<div class=\"elementor-widget-container\">\n\t\t\t\t\t<h3 class=\"elementor-heading-title elementor-size-default\">MENTIONS L\u00c9GALES<\/h3>\t\t\t\t<\/div>\n\t\t\t\t<\/div>\n\t\t\t\t<\/div>\n\t\t\t\t<\/div>\n\t\t<div class=\"elementor-element elementor-element-6f76ca3 e-flex e-con-boxed e-con e-parent\" data-id=\"6f76ca3\" data-element_type=\"container\">\n\t\t\t\t\t<div class=\"e-con-inner\">\n\t\t\t\t<div class=\"elementor-element elementor-element-7e14bca elementor-widget elementor-widget-text-editor\" data-id=\"7e14bca\" data-element_type=\"widget\" data-widget_type=\"text-editor.default\">\n\t\t\t\t<div class=\"elementor-widget-container\">\n\t\t\t\t\t\t\t\t\t<p style=\"text-align: justify;\">Le pr\u00e9sent site web, accessible \u00e0 partir de l\u2019adresse URL <a href=\"http:\/\/clossaintsulpice.com\" target=\"_blank\" rel=\"noopener\">clossaintsulpice.com<\/a> (ci-apr\u00e8s le \u00ab <b>Site<\/b> \u00bb), est \u00e9dit\u00e9 par Clos Saint Sulpice, exer\u00e7ant \u00e0 Foss\u00e9 sous la forme d\u2019une &#8220;auto-entreprise&#8221;, situ\u00e9e 6 rue de Saint Sulpice 41330 Foss\u00e9, France \u2013 Num\u00e9ro SIRET : 49 21 29 18 400031.<\/p><p style=\"text-align: justify;\">Courriel : <a href=\"mailto:contact@clossaintsulpice.com\">contact@clossaintsulpice.com<\/a> \u2013 T\u00e9l\u00e9phone : +33 (0)7 69 32 00 48.<\/p><p style=\"text-align: justify;\">Le <strong>Directeur de la publication<\/strong> du Site est Mme Val\u00e9rie Avit.<\/p><p>La navigation sur ce site Internet implique de la part du visiteur la connaissance et l&#8217;acceptation des mentions suivantes :<\/p><p>Copyright \u00a9 2023 Clos Saint Sulpice &#8211; Tous droits r\u00e9serv\u00e9s<\/p><p>L&#8217;ensemble de ce site rel\u00e8ve de la l\u00e9gislation fran\u00e7aise et internationale sur le droit d&#8217;auteur et la propri\u00e9t\u00e9 intellectuelle. La reproduction de tout ou partie de ce site sur un support \u00e9lectronique quel qu&#8217;il soit est formellement interdite sauf autorisation explicite du responsable de la publication.<\/p><h3><strong>Cr\u00e9ation, conception &amp; r\u00e9alisation du site : <\/strong><\/h3><p>Bloody Mary &#8211; 22, rue de Tocqueville &#8211; 75017 Paris &#8211; T\u00e9l\u00e9phone : +33 (0)1 71 32 21 10<\/p><p><a href=\"http:\/\/www.bloodymary.paris\" target=\"_blank\" rel=\"noopener\">bloodymary.paris<\/a> &#8211; Courriel : <a href=\"mailto:info@bloodymary.paris\" target=\"_blank\" rel=\"noopener\">info@bloodymary.paris<\/a><\/p><p><strong>Cr\u00e9dits Photos\u00a0<\/strong><\/p><p>Nicolas Broquedis &#8211; <a href=\"https:\/\/nicolasbroquedis.com\/\" target=\"_blank\" rel=\"noopener\">nicolasbroquedis.com<\/a> &#8211; Shutterstock pour Bloody Mary<\/p><h3 style=\"text-align: justify;\"><strong>L\u2019h\u00e9bergeur du Site est : <\/strong><\/h3><p style=\"text-align: justify;\">Gandi &#8211; 63-65, boulevard Massena &#8211; 75013 Paris \u2013 T\u00e9l\u00e9phone : +33 (0)1 70 37 76 61<\/p><p style=\"text-align: justify;\"><a href=\"http:\/\/gandi.net\" target=\"_blank\" rel=\"noopener\">gandi.net<\/a> &#8211; Courriel : <a href=\"mailto:direction@gandi.net\" target=\"_blank\" rel=\"noopener\">direction@gandi.net<\/a><\/p><p><strong>Informations personnelles<\/strong><\/p><p><strong>1 &#8211; Exploitation des donn\u00e9es<\/strong><\/p><p>Les donn\u00e9es collect\u00e9es via le site <a href=\"http:\/\/clossaintsulpice.com\/\">clossaintsulpice.com<\/a> sont destin\u00e9es \u00e0 favoriser la communication entre l&#8217;\u00e9tablissement et les visiteurs de ce site Internet (formulaire de contact, etc.).<\/p><p>Seules les donn\u00e9es concernant le formulaire de contact sont logiquement conserv\u00e9es.<\/p><p><strong>2 &#8211; Acc\u00e8s aux donn\u00e9es personnelles<\/strong><\/p><p>Conform\u00e9ment \u00e0 l&#8217;article 34 de la loi 78-17 \u00ab Informatique et Libert\u00e9s \u00bb du 6 janvier 1978, vous pouvez exercer un droit de consultation, de demande de modification et de demande de suppression des informations qui vous concernent en vous adressant au Clos Saint Sulpice, 6 rue de Saint Sulpice 41330 Foss\u00e9<\/p><p><strong>3 &#8211; Utilisation du courrier \u00e9lectronique<\/strong><\/p><p>Si vous souhaitez utiliser le courrier \u00e9lectronique mis \u00e0 votre disposition sur le site Internet <a href=\"http:\/\/clossaintsulpice.com\/\">clossaintsulpice.com<\/a>, vous \u00eates inform\u00e9(e) que le secret des correspondances transmises sur le r\u00e9seau Internet n&#8217;est pas garanti.<\/p><p><strong>4 &#8211; Statistiques<\/strong><\/p><p>Afin d&#8217;am\u00e9liorer les services et l&#8217;efficacit\u00e9 de sa communication en ligne, <a href=\"http:\/\/clossaintsulpice.com\/\">clossaintsulpice.com<\/a> dispose de donn\u00e9es statistiques non nominatives sur la fr\u00e9quentation des rubriques et des pages de son site Internet.<\/p><p><strong>5 &#8211; Cnil :<\/strong><\/p><p>Conform\u00e9ment \u00e0 la loi Informatique et Libert\u00e9s du 6 janvier 1978, vous disposez d&#8217;un droit d&#8217;acc\u00e8s et de rectification aux donn\u00e9es personnelles vous concernant. Seule notre soci\u00e9t\u00e9 est destinataire des informations que vous lui communiquez.<\/p><p><strong>6 &#8211; Avertissement :<\/strong><\/p><p>L&#8217;\u00e9diteur du site Clos Saint Sulpice ne garantit pas que ce site soit exempt de d\u00e9faut, d&#8217;erreur ou d&#8217;omission. Elle ne peut en aucun cas \u00eatre tenue responsable des dommages pouvant en r\u00e9sulter et de l&#8217;utilisation et de l&#8217;interpr\u00e9tation de l&#8217;information contenue dans ce site. Les informations ou les messages \u00e9chang\u00e9s par l&#8217;interm\u00e9diaire de la messagerie n&#8217;ont pas valeur de d\u00e9cision. Pour toute anomalie technique constat\u00e9e sur le site, veuillez contacter le responsable du site \u00e0 <a href=\"mailto:contact@clossaintsulpice.com\">contact@clossaintsulpice.com<\/a>. De mani\u00e8re g\u00e9n\u00e9rale, l&#8217;\u00e9diteur du site <a href=\"http:\/\/clossaintsulpice.com\/\">clossaintsulpice.com<\/a>\u00a0 d\u00e9cline toute responsabilit\u00e9 \u00e0 un \u00e9ventuel dommage survenu en particulier pendant la consultation du pr\u00e9sent site.<\/p><p><strong>7\u2013Etablissement de liens :<\/strong><\/p><p>L&#8217;\u00e9diteur du site <a href=\"http:\/\/clossaintsulpice.com\/\">clossaintsulpice.com<\/a> d\u00e9gage toute responsabilit\u00e9 concernant les liens cr\u00e9\u00e9s par d&#8217;autres sites vers son site. Cela ne signifie en aucun cas une caution sur ces sites ou une approbation de leur contenu. Toutefois il se r\u00e9serve le droit de demander la suppression d&#8217;un lien pour des sites diffusant notamment des informations \u00e0 caract\u00e8re x\u00e9nophobe ou pornographique ou qui pourraient porter pr\u00e9judice son image. La cr\u00e9ation d&#8217;un lien doit ouvrir une nouvelle fen\u00eatre et ne pas \u00eatre imbriqu\u00e9e \u00e0 l&#8217;int\u00e9rieur d&#8217;une autre page. Les liens propos\u00e9s vers d&#8217;autres sites vous font quitter le site de <a href=\"http:\/\/clossaintsulpice.com\/\">clossaintsulpice.com<\/a>. Le contenu et le fonctionnement de ces sites ne sauraient engager la responsabilit\u00e9 de l&#8217;\u00e9diteur du site <a href=\"http:\/\/clossaintsulpice.com\/\">clossaintsulpice.com<\/a>.<\/p><p><strong>8 &#8211; Photos<\/strong><\/p><p>Les photos sont non contractuelles.<\/p>\t\t\t\t\t\t\t\t<\/div>\n\t\t\t\t<\/div>\n\t\t\t\t\t<\/div>\n\t\t\t\t<\/div>\n\t\t\t\t<\/div>\n\t\t","protected":false},"excerpt":{"rendered":"<p>MENTIONS L\u00c9GALES Le pr\u00e9sent site web, accessible \u00e0 partir de l\u2019adresse URL clossaintsulpice.com (ci-apr\u00e8s le \u00ab Site \u00bb), est \u00e9dit\u00e9 par Clos Saint Sulpice, exer\u00e7ant \u00e0 Foss\u00e9 sous la forme d\u2019une &#8220;auto-entreprise&#8221;, situ\u00e9e 6 rue de Saint Sulpice 41330 Foss\u00e9, France \u2013 Num\u00e9ro SIRET : 49 21 29 18 400031. Courriel : contact@clossaintsulpice.com \u2013 T\u00e9l\u00e9phone [&hellip;]<\/p>\n","protected":false},"author":1,"featured_media":0,"parent":0,"menu_order":0,"comment_status":"closed","ping_status":"closed","template":"elementor_header_footer","meta":{"footnotes":""},"class_list":["post-1252","page","type-page","status-publish","hentry"],"yoast_head":"<!-- This site is optimized with the Yoast SEO plugin v26.3 - https:\/\/yoast.com\/wordpress\/plugins\/seo\/ -->\n<title>Mentions l\u00e9gales - CLOS SAINT SULPICE<\/title>\n<meta name=\"robots\" content=\"index, follow, max-snippet:-1, max-image-preview:large, max-video-preview:-1\" \/>\n<link rel=\"canonical\" href=\"https:\/\/clossaintsulpice.com\/en\/mentions-legales\/\" \/>\n<meta property=\"og:locale\" content=\"en_US\" \/>\n<meta property=\"og:type\" content=\"article\" \/>\n<meta property=\"og:title\" content=\"Mentions l\u00e9gales - CLOS SAINT SULPICE\" \/>\n<meta property=\"og:description\" content=\"MENTIONS L\u00c9GALES Le pr\u00e9sent site web, accessible \u00e0 partir de l\u2019adresse URL clossaintsulpice.com (ci-apr\u00e8s le \u00ab Site \u00bb), est \u00e9dit\u00e9 par Clos Saint Sulpice, exer\u00e7ant \u00e0 Foss\u00e9 sous la forme d\u2019une &#8220;auto-entreprise&#8221;, situ\u00e9e 6 rue de Saint Sulpice 41330 Foss\u00e9, France \u2013 Num\u00e9ro SIRET : 49 21 29 18 400031. Courriel : contact@clossaintsulpice.com \u2013 T\u00e9l\u00e9phone [&hellip;]\" \/>\n<meta property=\"og:url\" content=\"https:\/\/clossaintsulpice.com\/en\/mentions-legales\/\" \/>\n<meta property=\"og:site_name\" content=\"CLOS SAINT SULPICE\" \/>\n<meta name=\"twitter:card\" content=\"summary_large_image\" \/>\n<meta name=\"twitter:label1\" content=\"Est. reading time\" \/>\n\t<meta name=\"twitter:data1\" content=\"3 minutes\" \/>\n<script type=\"application\/ld+json\" class=\"yoast-schema-graph\">{\"@context\":\"https:\/\/schema.org\",\"@graph\":[{\"@type\":\"WebPage\",\"@id\":\"https:\/\/clossaintsulpice.com\/en\/mentions-legales\/\",\"url\":\"https:\/\/clossaintsulpice.com\/en\/mentions-legales\/\",\"name\":\"Mentions l\u00e9gales - CLOS SAINT SULPICE\",\"isPartOf\":{\"@id\":\"https:\/\/clossaintsulpice.com\/#website\"},\"datePublished\":\"2023-03-30T19:44:45+00:00\",\"breadcrumb\":{\"@id\":\"https:\/\/clossaintsulpice.com\/en\/mentions-legales\/#breadcrumb\"},\"inLanguage\":\"en-US\",\"potentialAction\":[{\"@type\":\"ReadAction\",\"target\":[\"https:\/\/clossaintsulpice.com\/en\/mentions-legales\/\"]}]},{\"@type\":\"BreadcrumbList\",\"@id\":\"https:\/\/clossaintsulpice.com\/en\/mentions-legales\/#breadcrumb\",\"itemListElement\":[{\"@type\":\"ListItem\",\"position\":1,\"name\":\"Accueil\",\"item\":\"https:\/\/clossaintsulpice.com\/\"},{\"@type\":\"ListItem\",\"position\":2,\"name\":\"Mentions l\u00e9gales\"}]},{\"@type\":\"WebSite\",\"@id\":\"https:\/\/clossaintsulpice.com\/#website\",\"url\":\"https:\/\/clossaintsulpice.com\/\",\"name\":\"CLOS SAINT SULPICE\",\"description\":\"Chambres d&#039;h\u00f4tes\",\"publisher\":{\"@id\":\"https:\/\/clossaintsulpice.com\/#organization\"},\"potentialAction\":[{\"@type\":\"SearchAction\",\"target\":{\"@type\":\"EntryPoint\",\"urlTemplate\":\"https:\/\/clossaintsulpice.com\/?s={search_term_string}\"},\"query-input\":{\"@type\":\"PropertyValueSpecification\",\"valueRequired\":true,\"valueName\":\"search_term_string\"}}],\"inLanguage\":\"en-US\"},{\"@type\":\"Organization\",\"@id\":\"https:\/\/clossaintsulpice.com\/#organization\",\"name\":\"CLOS SAINT SULPICE\",\"url\":\"https:\/\/clossaintsulpice.com\/\",\"logo\":{\"@type\":\"ImageObject\",\"inLanguage\":\"en-US\",\"@id\":\"https:\/\/clossaintsulpice.com\/#\/schema\/logo\/image\/\",\"url\":\"https:\/\/clossaintsulpice.com\/wp-content\/uploads\/2023\/03\/logo-2.png\",\"contentUrl\":\"https:\/\/clossaintsulpice.com\/wp-content\/uploads\/2023\/03\/logo-2.png\",\"width\":600,\"height\":512,\"caption\":\"CLOS SAINT SULPICE\"},\"image\":{\"@id\":\"https:\/\/clossaintsulpice.com\/#\/schema\/logo\/image\/\"}}]}<\/script>\n<!-- \/ Yoast SEO plugin. -->","yoast_head_json":{"title":"Mentions l\u00e9gales - CLOS SAINT SULPICE","robots":{"index":"index","follow":"follow","max-snippet":"max-snippet:-1","max-image-preview":"max-image-preview:large","max-video-preview":"max-video-preview:-1"},"canonical":"https:\/\/clossaintsulpice.com\/en\/mentions-legales\/","og_locale":"en_US","og_type":"article","og_title":"Mentions l\u00e9gales - CLOS SAINT SULPICE","og_description":"MENTIONS L\u00c9GALES Le pr\u00e9sent site web, accessible \u00e0 partir de l\u2019adresse URL clossaintsulpice.com (ci-apr\u00e8s le \u00ab Site \u00bb), est \u00e9dit\u00e9 par Clos Saint Sulpice, exer\u00e7ant \u00e0 Foss\u00e9 sous la forme d\u2019une &#8220;auto-entreprise&#8221;, situ\u00e9e 6 rue de Saint Sulpice 41330 Foss\u00e9, France \u2013 Num\u00e9ro SIRET : 49 21 29 18 400031. Courriel : contact@clossaintsulpice.com \u2013 T\u00e9l\u00e9phone [&hellip;]","og_url":"https:\/\/clossaintsulpice.com\/en\/mentions-legales\/","og_site_name":"CLOS SAINT SULPICE","twitter_card":"summary_large_image","twitter_misc":{"Est. reading time":"3 minutes"},"schema":{"@context":"https:\/\/schema.org","@graph":[{"@type":"WebPage","@id":"https:\/\/clossaintsulpice.com\/en\/mentions-legales\/","url":"https:\/\/clossaintsulpice.com\/en\/mentions-legales\/","name":"Mentions l\u00e9gales - CLOS SAINT SULPICE","isPartOf":{"@id":"https:\/\/clossaintsulpice.com\/#website"},"datePublished":"2023-03-30T19:44:45+00:00","breadcrumb":{"@id":"https:\/\/clossaintsulpice.com\/en\/mentions-legales\/#breadcrumb"},"inLanguage":"en-US","potentialAction":[{"@type":"ReadAction","target":["https:\/\/clossaintsulpice.com\/en\/mentions-legales\/"]}]},{"@type":"BreadcrumbList","@id":"https:\/\/clossaintsulpice.com\/en\/mentions-legales\/#breadcrumb","itemListElement":[{"@type":"ListItem","position":1,"name":"Accueil","item":"https:\/\/clossaintsulpice.com\/"},{"@type":"ListItem","position":2,"name":"Mentions l\u00e9gales"}]},{"@type":"WebSite","@id":"https:\/\/clossaintsulpice.com\/#website","url":"https:\/\/clossaintsulpice.com\/","name":"CLOS SAINT SULPICE","description":"Chambres d&#039;h\u00f4tes","publisher":{"@id":"https:\/\/clossaintsulpice.com\/#organization"},"potentialAction":[{"@type":"SearchAction","target":{"@type":"EntryPoint","urlTemplate":"https:\/\/clossaintsulpice.com\/?s={search_term_string}"},"query-input":{"@type":"PropertyValueSpecification","valueRequired":true,"valueName":"search_term_string"}}],"inLanguage":"en-US"},{"@type":"Organization","@id":"https:\/\/clossaintsulpice.com\/#organization","name":"CLOS SAINT SULPICE","url":"https:\/\/clossaintsulpice.com\/","logo":{"@type":"ImageObject","inLanguage":"en-US","@id":"https:\/\/clossaintsulpice.com\/#\/schema\/logo\/image\/","url":"https:\/\/clossaintsulpice.com\/wp-content\/uploads\/2023\/03\/logo-2.png","contentUrl":"https:\/\/clossaintsulpice.com\/wp-content\/uploads\/2023\/03\/logo-2.png","width":600,"height":512,"caption":"CLOS SAINT SULPICE"},"image":{"@id":"https:\/\/clossaintsulpice.com\/#\/schema\/logo\/image\/"}}]}},"_links":{"self":[{"href":"https:\/\/clossaintsulpice.com\/en\/wp-json\/wp\/v2\/pages\/1252","targetHints":{"allow":["GET"]}}],"collection":[{"href":"https:\/\/clossaintsulpice.com\/en\/wp-json\/wp\/v2\/pages"}],"about":[{"href":"https:\/\/clossaintsulpice.com\/en\/wp-json\/wp\/v2\/types\/page"}],"author":[{"embeddable":true,"href":"https:\/\/clossaintsulpice.com\/en\/wp-json\/wp\/v2\/users\/1"}],"replies":[{"embeddable":true,"href":"https:\/\/clossaintsulpice.com\/en\/wp-json\/wp\/v2\/comments?post=1252"}],"version-history":[{"count":0,"href":"https:\/\/clossaintsulpice.com\/en\/wp-json\/wp\/v2\/pages\/1252\/revisions"}],"wp:attachment":[{"href":"https:\/\/clossaintsulpice.com\/en\/wp-json\/wp\/v2\/media?parent=1252"}],"curies":[{"name":"wp","href":"https:\/\/api.w.org\/{rel}","templated":true}]}}